{"id":12,"date":"2020-10-22T10:00:05","date_gmt":"2020-10-22T10:00:05","guid":{"rendered":"http:\/\/ecole-akene.fr\/index.php\/about-us\/"},"modified":"2026-05-07T16:40:41","modified_gmt":"2026-05-07T16:40:41","slug":"ecole-akene","status":"publish","type":"page","link":"https:\/\/ecole-akene.fr\/index.php\/ecole-akene\/","title":{"rendered":"Nos valeurs"},"content":{"rendered":"\n<div class=\"wp-block-cover alignfull\" style=\"min-height:480px;aspect-ratio:unset;\"><img loading=\"lazy\" decoding=\"async\" width=\"768\" height=\"1024\" class=\"wp-block-cover__image-background wp-image-1347 size-large\" alt=\"\" src=\"https:\/\/ecole-akene.fr\/wp-content\/uploads\/2026\/03\/1773508176816-768x1024.jpg\" style=\"object-position:56% 30%\" data-object-fit=\"cover\" data-object-position=\"56% 30%\" srcset=\"https:\/\/ecole-akene.fr\/wp-content\/uploads\/2026\/03\/1773508176816-768x1024.jpg 768w, https:\/\/ecole-akene.fr\/wp-content\/uploads\/2026\/03\/1773508176816-225x300.jpg 225w, https:\/\/ecole-akene.fr\/wp-content\/uploads\/2026\/03\/1773508176816-1152x1536.jpg 1152w, https:\/\/ecole-akene.fr\/wp-content\/uploads\/2026\/03\/1773508176816.jpg 1200w\" sizes=\"auto, (max-width: 768px) 100vw, 768px\" \/><span aria-hidden=\"true\" class=\"wp-block-cover__background has-background-dim-80 has-background-dim wp-block-cover__gradient-background has-background-gradient\" style=\"background-color:#6e7f47;background:linear-gradient(135deg,rgb(209,122,196) 0%,rgb(221,137,210) 19%,rgb(209,122,196) 35%,rgb(133,163,52) 57%,rgb(118,115,24) 100%)\"><\/span><div class=\"wp-block-cover__inner-container is-layout-flow wp-block-cover-is-layout-flow\">\n<h1 class=\"wp-block-heading has-white-color has-text-color\">Nos valeurs<\/h1>\n\n\n\n<p><\/p>\n<\/div><\/div>\n\n\n\n<div class=\"inherit-container-width wp-block-group alignfull has-ast-global-color-5-background-color has-background is-layout-constrained wp-container-core-group-is-layout-afde0499 wp-block-group-is-layout-constrained\" style=\"margin-top:0;margin-bottom:0;padding-top:0;padding-bottom:0\"><div class=\"wp-block-group__inner-container\">\n<div class=\"wp-block-media-text alignwide has-media-on-the-right is-stacked-on-mobile is-image-fill-element has-background\" style=\"background-color:#b3d899;margin-top:var(--wp--preset--spacing--30);margin-right:0;margin-bottom:var(--wp--preset--spacing--30);margin-left:0;padding-top:var(--wp--preset--spacing--30);padding-right:0.6rem;padding-bottom:var(--wp--preset--spacing--30);padding-left:0.6rem;grid-template-columns:auto 22%\"><div class=\"wp-block-media-text__content\">\n<h2 class=\"wp-block-heading\">Une \u00e9cole d\u00e9mocratique<\/h2>\n\n\n\n<p>Le groupe scolaire Ak\u00e8ne est un \u00e9tablissement d&rsquo;inspiration d\u00e9mocratique. <strong>L&rsquo;\u00e9cole d\u00e9mocratique<\/strong> n&rsquo;est pas une p\u00e9dagogie, mais une <strong>philosophie <\/strong>avec un fonctionnement d\u00e9mocratique : <strong>relations horizontales, Assembl\u00e9e, justice restaurative<\/strong>&#8230; Ce fonctionnement nous permet d&rsquo;utiliser et de nous inspirer d&rsquo;une multitude de p\u00e9dagogies et de mani\u00e8res de concevoir l&rsquo;\u00e9ducation : <strong>Ecole du 3e type, p\u00e9dagogie Freinet, \u00e9cole du dehors, p\u00e9dagogie de projets, p\u00e9dagogie du jeu, m\u00e9thode Montessori.<\/strong>..&nbsp;<\/p>\n<\/div><figure class=\"wp-block-media-text__media\"><img loading=\"lazy\" decoding=\"async\" width=\"1024\" height=\"768\" src=\"https:\/\/ecole-akene.fr\/wp-content\/uploads\/2026\/05\/1778158698382-1024x768.jpg\" alt=\"\" class=\"wp-image-1557 size-full\" style=\"object-position:64% 53%\" srcset=\"https:\/\/ecole-akene.fr\/wp-content\/uploads\/2026\/05\/1778158698382-1024x768.jpg 1024w, https:\/\/ecole-akene.fr\/wp-content\/uploads\/2026\/05\/1778158698382-300x225.jpg 300w, https:\/\/ecole-akene.fr\/wp-content\/uploads\/2026\/05\/1778158698382-768x576.jpg 768w, https:\/\/ecole-akene.fr\/wp-content\/uploads\/2026\/05\/1778158698382-1536x1152.jpg 1536w, https:\/\/ecole-akene.fr\/wp-content\/uploads\/2026\/05\/1778158698382.jpg 2048w\" sizes=\"auto, (max-width: 1024px) 100vw, 1024px\" \/><\/figure><\/div>\n\n\n\n<div class=\"wp-block-media-text alignwide is-stacked-on-mobile is-image-fill-element has-background\" style=\"background-color:#febfc4;margin-top:var(--wp--preset--spacing--30);margin-right:0;margin-bottom:var(--wp--preset--spacing--30);margin-left:0;padding-top:var(--wp--preset--spacing--30);padding-right:0.6rem;padding-bottom:var(--wp--preset--spacing--30);padding-left:0.6rem;grid-template-columns:24% auto\"><figure class=\"wp-block-media-text__media\"><img loading=\"lazy\" decoding=\"async\" width=\"576\" height=\"1024\" src=\"https:\/\/ecole-akene.fr\/wp-content\/uploads\/2026\/03\/1773509570908-576x1024.jpg\" alt=\"\" class=\"wp-image-1362 size-full\" style=\"object-position:54% 53%\" srcset=\"https:\/\/ecole-akene.fr\/wp-content\/uploads\/2026\/03\/1773509570908-576x1024.jpg 576w, https:\/\/ecole-akene.fr\/wp-content\/uploads\/2026\/03\/1773509570908-169x300.jpg 169w, https:\/\/ecole-akene.fr\/wp-content\/uploads\/2026\/03\/1773509570908-768x1365.jpg 768w, https:\/\/ecole-akene.fr\/wp-content\/uploads\/2026\/03\/1773509570908-864x1536.jpg 864w, https:\/\/ecole-akene.fr\/wp-content\/uploads\/2026\/03\/1773509570908-1152x2048.jpg 1152w, https:\/\/ecole-akene.fr\/wp-content\/uploads\/2026\/03\/1773509570908-scaled.jpg 1440w\" sizes=\"auto, (max-width: 576px) 100vw, 576px\" \/><\/figure><div class=\"wp-block-media-text__content\">\n<h2 class=\"wp-block-heading\">Les apprentissages informels<\/h2>\n\n\n\n<p>Dans une \u00e9cole d\u00e9mocratique,<strong>il n\u2019y a pas d\u2019obligation ou de hi\u00e9rarchie dans les apprentissages, ni de v\u00e9rification, encore moins de notation<\/strong>. L\u2019id\u00e9e est de pr\u00e9server la confiance en soi, la joie et le plaisir d\u2019apprendre chez les enfants. Aucune \u00e9valuation ni devoirs ne sont donn\u00e9s (sauf demande de l&rsquo;enfant). Les apprentissages sont auto-dirig\u00e9s ou propos\u00e9s par un adulte si l\u2019atelier est vot\u00e9 en assembl\u00e9e et fonctionnant sur la base du volontariat. Les apprentissages ne sont pas toujours identifi\u00e9s en tant que tels et chaque activit\u00e9 est source d\u2019enrichissement, de d\u00e9couverte et de comp\u00e9tences.&nbsp;<\/p>\n<\/div><\/div>\n\n\n\n<div class=\"wp-block-media-text alignwide has-media-on-the-right is-stacked-on-mobile is-image-fill-element has-background\" style=\"background-color:#b3d899;margin-top:var(--wp--preset--spacing--30);margin-right:0;margin-bottom:var(--wp--preset--spacing--30);margin-left:0;padding-top:var(--wp--preset--spacing--30);padding-right:0.6rem;padding-bottom:var(--wp--preset--spacing--30);padding-left:0.6rem;grid-template-columns:auto 24%\"><div class=\"wp-block-media-text__content\">\n<h2 class=\"wp-block-heading\">La libert\u00e9<\/h2>\n\n\n\n<p>Au sein de notre \u00e9cole alternative, nous avons un but : celui de laisser aux enfants la possibilit\u00e9 de vivre libre, de d\u00e9couvrir et de comprendre le monde avec leurs yeux et selon leurs envies, leurs besoins. Cela inclut la <strong>libert\u00e9 du mode d\u2019apprentissage<\/strong>, mais aussi la <strong>libert\u00e9 de se mouvoir, de s\u2019exprimer, d\u2019exp\u00e9rimenter, d\u2019essayer et de se tromper aussi<\/strong>.<\/p>\n<\/div><figure class=\"wp-block-media-text__media\"><img loading=\"lazy\" decoding=\"async\" width=\"768\" height=\"1024\" src=\"http:\/\/ecole-akene.fr\/wp-content\/uploads\/2026\/05\/1778158698341-768x1024.jpg\" alt=\"\" class=\"wp-image-1555 size-full\" style=\"object-position:50% 50%\" srcset=\"https:\/\/ecole-akene.fr\/wp-content\/uploads\/2026\/05\/1778158698341-768x1024.jpg 768w, https:\/\/ecole-akene.fr\/wp-content\/uploads\/2026\/05\/1778158698341-225x300.jpg 225w, https:\/\/ecole-akene.fr\/wp-content\/uploads\/2026\/05\/1778158698341-1152x1536.jpg 1152w, https:\/\/ecole-akene.fr\/wp-content\/uploads\/2026\/05\/1778158698341.jpg 1500w\" sizes=\"auto, (max-width: 768px) 100vw, 768px\" \/><\/figure><\/div>\n\n\n\n<div class=\"wp-block-media-text alignwide is-stacked-on-mobile is-image-fill-element has-background\" style=\"background-color:#febfc4;margin-top:var(--wp--preset--spacing--30);margin-right:0;margin-bottom:var(--wp--preset--spacing--30);margin-left:0;padding-top:var(--wp--preset--spacing--30);padding-right:0.6rem;padding-bottom:var(--wp--preset--spacing--30);padding-left:0.6rem;grid-template-columns:24% auto\"><figure class=\"wp-block-media-text__media\"><img loading=\"lazy\" decoding=\"async\" width=\"1024\" height=\"576\" src=\"http:\/\/ecole-akene.fr\/wp-content\/uploads\/2026\/03\/1773508518605-1024x576.jpg\" alt=\"\" class=\"wp-image-1360 size-full\" style=\"object-position:68% 65%\" srcset=\"https:\/\/ecole-akene.fr\/wp-content\/uploads\/2026\/03\/1773508518605-1024x576.jpg 1024w, https:\/\/ecole-akene.fr\/wp-content\/uploads\/2026\/03\/1773508518605-300x169.jpg 300w, https:\/\/ecole-akene.fr\/wp-content\/uploads\/2026\/03\/1773508518605-768x432.jpg 768w, https:\/\/ecole-akene.fr\/wp-content\/uploads\/2026\/03\/1773508518605-1536x864.jpg 1536w, https:\/\/ecole-akene.fr\/wp-content\/uploads\/2026\/03\/1773508518605-2048x1152.jpg 2048w\" sizes=\"auto, (max-width: 1024px) 100vw, 1024px\" \/><\/figure><div class=\"wp-block-media-text__content\">\n<h2 class=\"wp-block-heading\">Le multi-\u00e2ge<\/h2>\n\n\n\n<p>Notre groupe scolaire couvre <strong>l&rsquo;int\u00e9gralit\u00e9 des cycles scolaires<\/strong>, de la maternelle au lyc\u00e9e. Nous pensons en effet le <strong>multi-\u00e2ge et la rencontre des g\u00e9n\u00e9rations<\/strong> comme une r\u00e9elle source d\u2019\u00e9panouissement et de d\u00e9veloppement des enfants. C\u2019est \u00e9galement la possibilit\u00e9 pour les membres d\u2019une m\u00eame fratrie d\u2019\u00eatre accueillis au sein de la m\u00eame \u00e9cole, facilitant ainsi l\u2019organisation familiale.&nbsp;<\/p>\n<\/div><\/div>\n<\/div><\/div>\n\n\n\n<div class=\"wp-block-group alignfull has-black-color has-text-color has-background is-layout-flow wp-container-core-group-is-layout-6d059589 wp-block-group-is-layout-flow\" style=\"background-color:#b3d899;margin-top:0;margin-bottom:0;padding-top:var(--wp--preset--spacing--60);padding-right:0;padding-bottom:var(--wp--preset--spacing--60);padding-left:0\"><div class=\"wp-block-group__inner-container\">\n<h2 class=\"wp-block-heading has-text-align-center\">Suivez-nous sur nos r\u00e9seaux sociaux !<\/h2>\n\n\n\n<p class=\"has-text-align-center\">Suivez-nous sur <a href=\"https:\/\/www.facebook.com\/ecole.akene\" target=\"_blank\" rel=\"noreferrer noopener\">Facebook <\/a>et <a href=\"https:\/\/www.instagram.com\/ecole.akene\/\" target=\"_blank\" rel=\"noreferrer noopener\">Instagram<\/a>.<br><\/p>\n\n\n\n<ul class=\"wp-block-social-links items-justified-center is-layout-flex wp-container-core-social-links-is-layout-e2bc5e08 wp-block-social-links-is-layout-flex\" style=\"margin-top:0;margin-right:0;margin-bottom:0;margin-left:0\"><li class=\"wp-social-link wp-social-link-facebook  wp-block-social-link\"><a href=\"https:\/\/www.facebook.com\/ecole.akene\" class=\"wp-block-social-link-anchor\"><svg width=\"24\" height=\"24\" viewBox=\"0 0 24 24\" version=\"1.1\" xmlns=\"http:\/\/www.w3.org\/2000\/svg\" aria-hidden=\"true\" focusable=\"false\"><path d=\"M12 2C6.5 2 2 6.5 2 12c0 5 3.7 9.1 8.4 9.9v-7H7.9V12h2.5V9.8c0-2.5 1.5-3.9 3.8-3.9 1.1 0 2.2.2 2.2.2v2.5h-1.3c-1.2 0-1.6.8-1.6 1.6V12h2.8l-.4 2.9h-2.3v7C18.3 21.1 22 17 22 12c0-5.5-4.5-10-10-10z\"><\/path><\/svg><span class=\"wp-block-social-link-label screen-reader-text\">Facebook<\/span><\/a><\/li>\n\n<li class=\"wp-social-link wp-social-link-instagram  wp-block-social-link\"><a href=\"https:\/\/www.instagram.com\/ecole.akene\/\" class=\"wp-block-social-link-anchor\"><svg width=\"24\" height=\"24\" viewBox=\"0 0 24 24\" version=\"1.1\" xmlns=\"http:\/\/www.w3.org\/2000\/svg\" aria-hidden=\"true\" focusable=\"false\"><path d=\"M12,4.622c2.403,0,2.688,0.009,3.637,0.052c0.877,0.04,1.354,0.187,1.671,0.31c0.42,0.163,0.72,0.358,1.035,0.673 c0.315,0.315,0.51,0.615,0.673,1.035c0.123,0.317,0.27,0.794,0.31,1.671c0.043,0.949,0.052,1.234,0.052,3.637 s-0.009,2.688-0.052,3.637c-0.04,0.877-0.187,1.354-0.31,1.671c-0.163,0.42-0.358,0.72-0.673,1.035 c-0.315,0.315-0.615,0.51-1.035,0.673c-0.317,0.123-0.794,0.27-1.671,0.31c-0.949,0.043-1.233,0.052-3.637,0.052 s-2.688-0.009-3.637-0.052c-0.877-0.04-1.354-0.187-1.671-0.31c-0.42-0.163-0.72-0.358-1.035-0.673 c-0.315-0.315-0.51-0.615-0.673-1.035c-0.123-0.317-0.27-0.794-0.31-1.671C4.631,14.688,4.622,14.403,4.622,12 s0.009-2.688,0.052-3.637c0.04-0.877,0.187-1.354,0.31-1.671c0.163-0.42,0.358-0.72,0.673-1.035 c0.315-0.315,0.615-0.51,1.035-0.673c0.317-0.123,0.794-0.27,1.671-0.31C9.312,4.631,9.597,4.622,12,4.622 M12,3 C9.556,3,9.249,3.01,8.289,3.054C7.331,3.098,6.677,3.25,6.105,3.472C5.513,3.702,5.011,4.01,4.511,4.511 c-0.5,0.5-0.808,1.002-1.038,1.594C3.25,6.677,3.098,7.331,3.054,8.289C3.01,9.249,3,9.556,3,12c0,2.444,0.01,2.751,0.054,3.711 c0.044,0.958,0.196,1.612,0.418,2.185c0.23,0.592,0.538,1.094,1.038,1.594c0.5,0.5,1.002,0.808,1.594,1.038 c0.572,0.222,1.227,0.375,2.185,0.418C9.249,20.99,9.556,21,12,21s2.751-0.01,3.711-0.054c0.958-0.044,1.612-0.196,2.185-0.418 c0.592-0.23,1.094-0.538,1.594-1.038c0.5-0.5,0.808-1.002,1.038-1.594c0.222-0.572,0.375-1.227,0.418-2.185 C20.99,14.751,21,14.444,21,12s-0.01-2.751-0.054-3.711c-0.044-0.958-0.196-1.612-0.418-2.185c-0.23-0.592-0.538-1.094-1.038-1.594 c-0.5-0.5-1.002-0.808-1.594-1.038c-0.572-0.222-1.227-0.375-2.185-0.418C14.751,3.01,14.444,3,12,3L12,3z M12,7.378 c-2.552,0-4.622,2.069-4.622,4.622S9.448,16.622,12,16.622s4.622-2.069,4.622-4.622S14.552,7.378,12,7.378z M12,15 c-1.657,0-3-1.343-3-3s1.343-3,3-3s3,1.343,3,3S13.657,15,12,15z M16.804,6.116c-0.596,0-1.08,0.484-1.08,1.08 s0.484,1.08,1.08,1.08c0.596,0,1.08-0.484,1.08-1.08S17.401,6.116,16.804,6.116z\"><\/path><\/svg><span class=\"wp-block-social-link-label screen-reader-text\">Instagram<\/span><\/a><\/li><\/ul>\n<\/div><\/div>\n","protected":false},"excerpt":{"rendered":"<p>Une \u00e9cole d\u00e9mocratique Le groupe scolaire Ak\u00e8ne est un \u00e9tablissement d&rsquo;inspiration d\u00e9mocratique. L&rsquo;\u00e9cole d\u00e9mocratique n&rsquo;est pas une p\u00e9dagogie, mais une philosophie avec un fonctionnement d\u00e9mocratique : relations horizontales, Assembl\u00e9e, justice restaurative&#8230; Ce fonctionnement nous permet d&rsquo;utiliser et de nous inspirer d&rsquo;une multitude de p\u00e9dagogies et de mani\u00e8res de concevoir l&rsquo;\u00e9ducation : Ecole du 3e type, [&hellip;]<\/p>\n","protected":false},"author":1,"featured_media":0,"parent":0,"menu_order":0,"comment_status":"closed","ping_status":"closed","template":"","meta":{"_monsterinsights_skip_tracking":false,"_monsterinsights_sitenote_active":false,"_monsterinsights_sitenote_note":"","_monsterinsights_sitenote_category":0,"site-sidebar-layout":"no-sidebar","site-content-layout":"plain-container","ast-site-content-layout":"normal-width-container","site-content-style":"unboxed","site-sidebar-style":"unboxed","ast-global-header-display":"","ast-banner-title-visibility":"","ast-main-header-display":"","ast-hfb-above-header-display":"","ast-hfb-below-header-display":"","ast-hfb-mobile-header-display":"","site-post-title":"disabled","ast-breadcrumbs-content":"disabled","ast-featured-img":"disabled","footer-sml-layout":"","ast-disable-related-posts":"","theme-transparent-header-meta":"enabled","adv-header-id-meta":"","stick-header-meta":"","header-above-stick-meta":"","header-main-stick-meta":"","header-below-stick-meta":"","astra-migrate-meta-layouts":"set","ast-page-background-enabled":"default","ast-page-background-meta":{"desktop":{"background-color":"","background-image":"","background-repeat":"repeat","background-position":"center center","background-size":"auto","background-attachment":"scroll","background-type":"","background-media":"","overlay-type":"","overlay-color":"","overlay-opacity":"","overlay-gradient":""},"tablet":{"background-color":"","background-image":"","background-repeat":"repeat","background-position":"center center","background-size":"auto","background-attachment":"scroll","background-type":"","background-media":"","overlay-type":"","overlay-color":"","overlay-opacity":"","overlay-gradient":""},"mobile":{"background-color":"","background-image":"","background-repeat":"repeat","background-position":"center center","background-size":"auto","background-attachment":"scroll","background-type":"","background-media":"","overlay-type":"","overlay-color":"","overlay-opacity":"","overlay-gradient":""}},"ast-content-background-meta":{"desktop":{"background-color":"var(--ast-global-color-5)","background-image":"","background-repeat":"repeat","background-position":"center center","background-size":"auto","background-attachment":"scroll","background-type":"","background-media":"","overlay-type":"","overlay-color":"","overlay-opacity":"","overlay-gradient":""},"tablet":{"background-color":"var(--ast-global-color-5)","background-image":"","background-repeat":"repeat","background-position":"center center","background-size":"auto","background-attachment":"scroll","background-type":"","background-media":"","overlay-type":"","overlay-color":"","overlay-opacity":"","overlay-gradient":""},"mobile":{"background-color":"var(--ast-global-color-5)","background-image":"","background-repeat":"repeat","background-position":"center center","background-size":"auto","background-attachment":"scroll","background-type":"","background-media":"","overlay-type":"","overlay-color":"","overlay-opacity":"","overlay-gradient":""}},"footnotes":""},"class_list":["post-12","page","type-page","status-publish","hentry"],"aioseo_notices":[],"_links":{"self":[{"href":"https:\/\/ecole-akene.fr\/index.php\/wp-json\/wp\/v2\/pages\/12","targetHints":{"allow":["GET"]}}],"collection":[{"href":"https:\/\/ecole-akene.fr\/index.php\/wp-json\/wp\/v2\/pages"}],"about":[{"href":"https:\/\/ecole-akene.fr\/index.php\/wp-json\/wp\/v2\/types\/page"}],"author":[{"embeddable":true,"href":"https:\/\/ecole-akene.fr\/index.php\/wp-json\/wp\/v2\/users\/1"}],"replies":[{"embeddable":true,"href":"https:\/\/ecole-akene.fr\/index.php\/wp-json\/wp\/v2\/comments?post=12"}],"version-history":[{"count":53,"href":"https:\/\/ecole-akene.fr\/index.php\/wp-json\/wp\/v2\/pages\/12\/revisions"}],"predecessor-version":[{"id":1562,"href":"https:\/\/ecole-akene.fr\/index.php\/wp-json\/wp\/v2\/pages\/12\/revisions\/1562"}],"wp:attachment":[{"href":"https:\/\/ecole-akene.fr\/index.php\/wp-json\/wp\/v2\/media?parent=12"}],"curies":[{"name":"wp","href":"https:\/\/api.w.org\/{rel}","templated":true}]}}