{"id":1450,"date":"2026-04-05T19:30:01","date_gmt":"2026-04-05T19:30:01","guid":{"rendered":"https:\/\/ecole-akene.fr\/?page_id=1450"},"modified":"2026-04-05T19:31:22","modified_gmt":"2026-04-05T19:31:22","slug":"pratique","status":"publish","type":"page","link":"https:\/\/ecole-akene.fr\/index.php\/pratique\/","title":{"rendered":"Pratique"},"content":{"rendered":"\n<div class=\"wp-block-cover alignfull is-light\" style=\"min-height:480px;aspect-ratio:unset;\"><img loading=\"lazy\" decoding=\"async\" width=\"1024\" height=\"768\" class=\"wp-block-cover__image-background wp-image-1414 size-large\" alt=\"\" src=\"http:\/\/ecole-akene.fr\/wp-content\/uploads\/2026\/03\/1773594545347-1024x768.jpg\" data-object-fit=\"cover\" srcset=\"https:\/\/ecole-akene.fr\/wp-content\/uploads\/2026\/03\/1773594545347-1024x768.jpg 1024w, https:\/\/ecole-akene.fr\/wp-content\/uploads\/2026\/03\/1773594545347-300x225.jpg 300w, https:\/\/ecole-akene.fr\/wp-content\/uploads\/2026\/03\/1773594545347-768x576.jpg 768w, https:\/\/ecole-akene.fr\/wp-content\/uploads\/2026\/03\/1773594545347-1536x1152.jpg 1536w, https:\/\/ecole-akene.fr\/wp-content\/uploads\/2026\/03\/1773594545347.jpg 2048w\" sizes=\"auto, (max-width: 1024px) 100vw, 1024px\" \/><span aria-hidden=\"true\" class=\"wp-block-cover__background has-background-dim-80 has-background-dim wp-block-cover__gradient-background has-background-gradient\" style=\"background-color:#ac9f95;background:linear-gradient(135deg,rgb(209,122,196) 0%,rgb(221,137,210) 19%,rgb(209,122,196) 35%,rgb(133,163,52) 57%,rgb(118,115,24) 100%)\"><\/span><div class=\"wp-block-cover__inner-container is-layout-flow wp-block-cover-is-layout-flow\">\n<h1 class=\"wp-block-heading has-white-color has-text-color\">L&rsquo;\u00e9cole en pratique<\/h1>\n\n\n\n<p><\/p>\n<\/div><\/div>\n\n\n\n<div class=\"inherit-container-width wp-block-group alignfull has-ast-global-color-5-background-color has-background is-layout-constrained wp-container-core-group-is-layout-afde0499 wp-block-group-is-layout-constrained\" style=\"margin-top:0;margin-bottom:0;padding-top:0;padding-bottom:0\"><div class=\"wp-block-group__inner-container\">\n<div class=\"wp-block-media-text alignwide has-media-on-the-right is-stacked-on-mobile has-background\" style=\"background-color:#b3d899;margin-top:var(--wp--preset--spacing--30);margin-right:var(--wp--preset--spacing--30);margin-bottom:var(--wp--preset--spacing--30);margin-left:var(--wp--preset--spacing--30);padding-top:var(--wp--preset--spacing--30);padding-right:0.6rem;padding-bottom:var(--wp--preset--spacing--30);padding-left:0.6rem;grid-template-columns:auto 30%\"><div class=\"wp-block-media-text__content\">\n<h2 class=\"wp-block-heading\">L&rsquo;environnement de l&rsquo;\u00e9cole<\/h2>\n\n\n\n<p>Le groupe scolaire Ak\u00e8ne se trouve actuellement au <strong>1 rue Alfred Dreyfus, \u00e0 Niort<\/strong> (Deux-S\u00e8vres), dans un local d&rsquo;environ 125 m\u00b2, en face du terminus de la ligne 2 du Tanlib (Brizeaux\/Caf). Un jardinet attenant et une cour b\u00eetum\u00e9e devant le local constituent nos lieux de sortie privil\u00e9gi\u00e9s. Une sortie au parc des Brizeaux (situ\u00e9 \u00e0 10 min \u00e0 pied) est organis\u00e9e chaque semaine).<\/p>\n\n\n\n<p>Les locaux de l&rsquo;\u00e9cole sont divis\u00e9s en deux zones : une zone blanche comprenant la <strong>biblioth\u00e8que<\/strong>, un coin<strong> loisirs cr\u00e9atifs <\/strong>et une <strong>grande salle d&rsquo;activit\u00e9s<\/strong> ; une zone noire constitu\u00e9e d&rsquo;une <strong>salle des \u00e9motions<\/strong>, une <strong>salle de construction<\/strong>, une <strong>salle de cr\u00e9ation <\/strong>et une<strong> salle de jeux<\/strong>.<\/p>\n<\/div><figure class=\"wp-block-media-text__media\"><img loading=\"lazy\" decoding=\"async\" width=\"1024\" height=\"768\" src=\"http:\/\/ecole-akene.fr\/wp-content\/uploads\/2026\/03\/1773595528137-1024x768.jpg\" alt=\"\" class=\"wp-image-1422 size-full\" srcset=\"https:\/\/ecole-akene.fr\/wp-content\/uploads\/2026\/03\/1773595528137-1024x768.jpg 1024w, https:\/\/ecole-akene.fr\/wp-content\/uploads\/2026\/03\/1773595528137-300x225.jpg 300w, https:\/\/ecole-akene.fr\/wp-content\/uploads\/2026\/03\/1773595528137-768x576.jpg 768w, https:\/\/ecole-akene.fr\/wp-content\/uploads\/2026\/03\/1773595528137-1536x1152.jpg 1536w, https:\/\/ecole-akene.fr\/wp-content\/uploads\/2026\/03\/1773595528137.jpg 2048w\" sizes=\"auto, (max-width: 1024px) 100vw, 1024px\" \/><\/figure><\/div>\n\n\n\n<div class=\"wp-block-media-text alignwide is-stacked-on-mobile is-image-fill-element has-background\" style=\"background-color:#febfc4;margin-top:var(--wp--preset--spacing--30);margin-right:var(--wp--preset--spacing--30);margin-bottom:var(--wp--preset--spacing--30);margin-left:var(--wp--preset--spacing--30);padding-top:var(--wp--preset--spacing--30);padding-right:0.6rem;padding-bottom:var(--wp--preset--spacing--30);padding-left:0.6rem;grid-template-columns:24% auto\"><figure class=\"wp-block-media-text__media\"><img loading=\"lazy\" decoding=\"async\" width=\"1024\" height=\"766\" src=\"http:\/\/ecole-akene.fr\/wp-content\/uploads\/2026\/03\/1773509326649-1024x766.jpg\" alt=\"\" class=\"wp-image-1376 size-full\" style=\"object-position:50% 50%\" srcset=\"https:\/\/ecole-akene.fr\/wp-content\/uploads\/2026\/03\/1773509326649-1024x766.jpg 1024w, https:\/\/ecole-akene.fr\/wp-content\/uploads\/2026\/03\/1773509326649-300x224.jpg 300w, https:\/\/ecole-akene.fr\/wp-content\/uploads\/2026\/03\/1773509326649-768x575.jpg 768w, https:\/\/ecole-akene.fr\/wp-content\/uploads\/2026\/03\/1773509326649-1536x1149.jpg 1536w, https:\/\/ecole-akene.fr\/wp-content\/uploads\/2026\/03\/1773509326649-2048x1532.jpg 2048w\" sizes=\"auto, (max-width: 1024px) 100vw, 1024px\" \/><\/figure><div class=\"wp-block-media-text__content\">\n<h2 class=\"wp-block-heading\">Les horaires<\/h2>\n\n\n\n<p>Le groupe scolaire Ak\u00e8ne est ouvert de <strong>8h30 \u00e0 16h30<\/strong> le lundi, mardi, jeudi et vendredi en p\u00e9riode scolaire. <strong>L&rsquo;arriv\u00e9e des \u00e9l\u00e8ves s&rsquo;effectuent de 8h30 \u00e0 10h<\/strong>. Ces m\u00eames jours, une garderie parentale est possible de 16h30 \u00e0 17h30.<\/p>\n<\/div><\/div>\n\n\n\n<div class=\"wp-block-media-text alignwide has-media-on-the-right is-stacked-on-mobile has-background\" style=\"background-color:#b3d899;margin-top:var(--wp--preset--spacing--30);margin-right:var(--wp--preset--spacing--30);margin-bottom:var(--wp--preset--spacing--30);margin-left:var(--wp--preset--spacing--30);padding-top:var(--wp--preset--spacing--30);padding-right:0.6rem;padding-bottom:var(--wp--preset--spacing--30);padding-left:0.6rem;grid-template-columns:auto 39%\"><div class=\"wp-block-media-text__content\">\n<h2 class=\"wp-block-heading\">Le repas<\/h2>\n\n\n\n<p>Il n&rsquo;y a pas de cantine \u00e0 l&rsquo;\u00e9cole Ak\u00e8ne. Chaque membre<strong> apporte son repas<\/strong> et peut le mettre au refrig\u00e9rateur en arrivant, puis le r\u00e9chauffer si besoin. Les membres peuvent manger<strong> \u00e0 l&rsquo;heure qui leur convient<\/strong> sur les tables de la zone blanche ou en ext\u00e9rieur.<\/p>\n\n\n\n<p>Des repas partag\u00e9s et cuisin\u00e9s par les membres de l&rsquo;\u00e9cole sont r\u00e9guli\u00e8rement confectionn\u00e9s dans le respect des allergies et r\u00e9gimes alimentaires de chacun.<\/p>\n<\/div><figure class=\"wp-block-media-text__media\"><img loading=\"lazy\" decoding=\"async\" width=\"1024\" height=\"576\" src=\"https:\/\/ecole-akene.fr\/wp-content\/uploads\/2026\/04\/1774622444211-1024x576.jpg\" alt=\"\" class=\"wp-image-1454 size-full\" srcset=\"https:\/\/ecole-akene.fr\/wp-content\/uploads\/2026\/04\/1774622444211-1024x576.jpg 1024w, https:\/\/ecole-akene.fr\/wp-content\/uploads\/2026\/04\/1774622444211-300x169.jpg 300w, https:\/\/ecole-akene.fr\/wp-content\/uploads\/2026\/04\/1774622444211-768x432.jpg 768w, https:\/\/ecole-akene.fr\/wp-content\/uploads\/2026\/04\/1774622444211-1536x864.jpg 1536w, https:\/\/ecole-akene.fr\/wp-content\/uploads\/2026\/04\/1774622444211-2048x1152.jpg 2048w\" sizes=\"auto, (max-width: 1024px) 100vw, 1024px\" \/><\/figure><\/div>\n\n\n\n<div class=\"wp-block-media-text alignwide is-stacked-on-mobile has-background\" style=\"background-color:#febfc4;margin-top:var(--wp--preset--spacing--30);margin-right:var(--wp--preset--spacing--30);margin-bottom:var(--wp--preset--spacing--30);margin-left:var(--wp--preset--spacing--30);padding-top:var(--wp--preset--spacing--30);padding-right:0.6rem;padding-bottom:var(--wp--preset--spacing--30);padding-left:0.6rem;grid-template-columns:44% auto\"><figure class=\"wp-block-media-text__media\"><a href=\"https:\/\/ecole-akene.fr\/wp-content\/uploads\/2026\/04\/tarifs-ecole-akene.png\" target=\"_blank\" rel=\" noreferrer noopener\"><img loading=\"lazy\" decoding=\"async\" width=\"705\" height=\"351\" src=\"https:\/\/ecole-akene.fr\/wp-content\/uploads\/2026\/04\/tarifs-ecole-akene.png\" alt=\"\" class=\"wp-image-1451 size-full\" srcset=\"https:\/\/ecole-akene.fr\/wp-content\/uploads\/2026\/04\/tarifs-ecole-akene.png 705w, https:\/\/ecole-akene.fr\/wp-content\/uploads\/2026\/04\/tarifs-ecole-akene-300x149.png 300w\" sizes=\"auto, (max-width: 705px) 100vw, 705px\" \/><\/a><\/figure><div class=\"wp-block-media-text__content\">\n<h2 class=\"wp-block-heading\">Les tarifs<\/h2>\n\n\n\n<p>L\u2019\u00e9cole d\u00e9mocratique Ak\u00e8ne est port\u00e9e par l\u2019association Ak\u00e8ne, association loi 1901.&nbsp; Elle ne s\u2019inscrit donc pas dans une logique lucrative. C\u2019est une <strong>\u00e9cole hors contrat <\/strong>qui ne b\u00e9n\u00e9ficie d\u2019aucune subvention ou aide de l&rsquo;\u00c9tat et des collectivit\u00e9s.&nbsp;<\/p>\n\n\n\n<p>Les frais de scolarit\u00e9 demand\u00e9s repr\u00e9sentent le <strong>minimum financier pour permettre \u00e0 l\u2019\u00e9cole d\u2019\u00eatre viable \u00e9conomiquement <\/strong>et payer le loyer, le mat\u00e9riel, les salaires, les factures, etc. <\/p>\n\n\n\n<p><strong>Une inscription implique donc un engagement financier ferme sur l\u2019ensemble de l\u2019ann\u00e9e scolaire.<\/strong><\/p>\n<\/div><\/div>\n\n\n\n<div class=\"wp-block-media-text alignwide has-media-on-the-right is-stacked-on-mobile has-background\" style=\"background-color:#b3d899;margin-top:var(--wp--preset--spacing--30);margin-right:var(--wp--preset--spacing--30);margin-bottom:var(--wp--preset--spacing--30);margin-left:var(--wp--preset--spacing--30);padding-top:var(--wp--preset--spacing--30);padding-right:0.6rem;padding-bottom:var(--wp--preset--spacing--30);padding-left:0.6rem;grid-template-columns:auto 37%\"><div class=\"wp-block-media-text__content\">\n<h2 class=\"wp-block-heading\">L&rsquo;admission<\/h2>\n\n\n\n<p>Le processus d\u2019admission \u00e0 l\u2019\u00e9cole comprend plusieurs \u00e9tapes :<\/p>\n\n\n\n<p>Une <strong>rencontre entre la famille et l&rsquo;\u00e9quipe p\u00e9dagogique <\/strong>comprenant une <strong>visite de l&rsquo;\u00e9cole<\/strong>. Suite \u00e0 ce rendez-vous, l&rsquo;enfant doit \u00eatre d\u00e9sireux d&rsquo;int\u00e9grer l&rsquo;\u00e9cole et la famille doit <strong>adh\u00e9rer au projet p\u00e9dagogique<\/strong>, au r\u00e9glement int\u00e9rieur et aux valeurs port\u00e9es par l&rsquo;\u00e9cole.<\/p>\n\n\n\n<p><strong>Un stage de d\u00e9couverte de deux semaines et\/ou une p\u00e9riode <\/strong>d&rsquo;essai d&rsquo;un mois. <\/p>\n\n\n\n<p>Un <strong>rendez-vous <\/strong>entre l&rsquo;enfant, ses repr\u00e9sentants l\u00e9gaux et l&rsquo;\u00e9quipe p\u00e9dagogique est organis\u00e9 <strong>\u00e0 l&rsquo;issue du stage ou de la p\u00e9riode d&rsquo;essai <\/strong>pour valider ou non l&rsquo;inscription d\u00e9finitive.<\/p>\n<\/div><figure class=\"wp-block-media-text__media\"><a href=\"http:\/\/ecole-akene.fr\/wp-content\/uploads\/2026\/03\/1773594664239.jpg\" target=\"_blank\" rel=\" noreferrer noopener\"><img loading=\"lazy\" decoding=\"async\" width=\"1024\" height=\"601\" src=\"http:\/\/ecole-akene.fr\/wp-content\/uploads\/2026\/03\/1773594664239-1024x601.jpg\" alt=\"\" class=\"wp-image-1415 size-full\" srcset=\"https:\/\/ecole-akene.fr\/wp-content\/uploads\/2026\/03\/1773594664239-1024x601.jpg 1024w, https:\/\/ecole-akene.fr\/wp-content\/uploads\/2026\/03\/1773594664239-300x176.jpg 300w, https:\/\/ecole-akene.fr\/wp-content\/uploads\/2026\/03\/1773594664239-768x451.jpg 768w, https:\/\/ecole-akene.fr\/wp-content\/uploads\/2026\/03\/1773594664239-1536x901.jpg 1536w, https:\/\/ecole-akene.fr\/wp-content\/uploads\/2026\/03\/1773594664239.jpg 1779w\" sizes=\"auto, (max-width: 1024px) 100vw, 1024px\" \/><\/a><\/figure><\/div>\n<\/div><\/div>\n\n\n\n<div class=\"wp-block-group alignfull has-black-color has-text-color has-background is-layout-flow wp-block-group-is-layout-flow\" style=\"background-color:#b3d899\"><div class=\"wp-block-group__inner-container\">\n<h2 class=\"has-text-align-center wp-block-heading\">Suivez-nous sur nos r\u00e9seaux sociaux !<\/h2>\n\n\n\n<p class=\"has-text-align-center\">Suivez-nous sur <a href=\"https:\/\/www.facebook.com\/ecole.akene\" target=\"_blank\" rel=\"noreferrer noopener\">Facebook <\/a>et <a href=\"https:\/\/www.instagram.com\/ecole.akene\/\" target=\"_blank\" rel=\"noreferrer noopener\">Instagram<\/a>.<\/p>\n\n\n\n<div class=\"wp-block-buttons is-content-justification-center is-layout-flex wp-block-buttons-is-layout-flex\"><\/div>\n\n\n\n<ul class=\"wp-block-social-links items-justified-center is-layout-flex wp-block-social-links-is-layout-flex\"><li class=\"wp-social-link wp-social-link-facebook  wp-block-social-link\"><a href=\"https:\/\/www.facebook.com\/ecole.akene\" class=\"wp-block-social-link-anchor\"><svg width=\"24\" height=\"24\" viewBox=\"0 0 24 24\" version=\"1.1\" xmlns=\"http:\/\/www.w3.org\/2000\/svg\" aria-hidden=\"true\" focusable=\"false\"><path d=\"M12 2C6.5 2 2 6.5 2 12c0 5 3.7 9.1 8.4 9.9v-7H7.9V12h2.5V9.8c0-2.5 1.5-3.9 3.8-3.9 1.1 0 2.2.2 2.2.2v2.5h-1.3c-1.2 0-1.6.8-1.6 1.6V12h2.8l-.4 2.9h-2.3v7C18.3 21.1 22 17 22 12c0-5.5-4.5-10-10-10z\"><\/path><\/svg><span class=\"wp-block-social-link-label screen-reader-text\">Facebook<\/span><\/a><\/li>\n\n<li class=\"wp-social-link wp-social-link-instagram  wp-block-social-link\"><a href=\"https:\/\/www.instagram.com\/ecole.akene\/\" class=\"wp-block-social-link-anchor\"><svg width=\"24\" height=\"24\" viewBox=\"0 0 24 24\" version=\"1.1\" xmlns=\"http:\/\/www.w3.org\/2000\/svg\" aria-hidden=\"true\" focusable=\"false\"><path d=\"M12,4.622c2.403,0,2.688,0.009,3.637,0.052c0.877,0.04,1.354,0.187,1.671,0.31c0.42,0.163,0.72,0.358,1.035,0.673 c0.315,0.315,0.51,0.615,0.673,1.035c0.123,0.317,0.27,0.794,0.31,1.671c0.043,0.949,0.052,1.234,0.052,3.637 s-0.009,2.688-0.052,3.637c-0.04,0.877-0.187,1.354-0.31,1.671c-0.163,0.42-0.358,0.72-0.673,1.035 c-0.315,0.315-0.615,0.51-1.035,0.673c-0.317,0.123-0.794,0.27-1.671,0.31c-0.949,0.043-1.233,0.052-3.637,0.052 s-2.688-0.009-3.637-0.052c-0.877-0.04-1.354-0.187-1.671-0.31c-0.42-0.163-0.72-0.358-1.035-0.673 c-0.315-0.315-0.51-0.615-0.673-1.035c-0.123-0.317-0.27-0.794-0.31-1.671C4.631,14.688,4.622,14.403,4.622,12 s0.009-2.688,0.052-3.637c0.04-0.877,0.187-1.354,0.31-1.671c0.163-0.42,0.358-0.72,0.673-1.035 c0.315-0.315,0.615-0.51,1.035-0.673c0.317-0.123,0.794-0.27,1.671-0.31C9.312,4.631,9.597,4.622,12,4.622 M12,3 C9.556,3,9.249,3.01,8.289,3.054C7.331,3.098,6.677,3.25,6.105,3.472C5.513,3.702,5.011,4.01,4.511,4.511 c-0.5,0.5-0.808,1.002-1.038,1.594C3.25,6.677,3.098,7.331,3.054,8.289C3.01,9.249,3,9.556,3,12c0,2.444,0.01,2.751,0.054,3.711 c0.044,0.958,0.196,1.612,0.418,2.185c0.23,0.592,0.538,1.094,1.038,1.594c0.5,0.5,1.002,0.808,1.594,1.038 c0.572,0.222,1.227,0.375,2.185,0.418C9.249,20.99,9.556,21,12,21s2.751-0.01,3.711-0.054c0.958-0.044,1.612-0.196,2.185-0.418 c0.592-0.23,1.094-0.538,1.594-1.038c0.5-0.5,0.808-1.002,1.038-1.594c0.222-0.572,0.375-1.227,0.418-2.185 C20.99,14.751,21,14.444,21,12s-0.01-2.751-0.054-3.711c-0.044-0.958-0.196-1.612-0.418-2.185c-0.23-0.592-0.538-1.094-1.038-1.594 c-0.5-0.5-1.002-0.808-1.594-1.038c-0.572-0.222-1.227-0.375-2.185-0.418C14.751,3.01,14.444,3,12,3L12,3z M12,7.378 c-2.552,0-4.622,2.069-4.622,4.622S9.448,16.622,12,16.622s4.622-2.069,4.622-4.622S14.552,7.378,12,7.378z M12,15 c-1.657,0-3-1.343-3-3s1.343-3,3-3s3,1.343,3,3S13.657,15,12,15z M16.804,6.116c-0.596,0-1.08,0.484-1.08,1.08 s0.484,1.08,1.08,1.08c0.596,0,1.08-0.484,1.08-1.08S17.401,6.116,16.804,6.116z\"><\/path><\/svg><span class=\"wp-block-social-link-label screen-reader-text\">Instagram<\/span><\/a><\/li><\/ul>\n\n\n\n<p><\/p>\n<\/div><\/div>\n","protected":false},"excerpt":{"rendered":"<p>L&rsquo;environnement de l&rsquo;\u00e9cole Le groupe scolaire Ak\u00e8ne se trouve actuellement au 1 rue Alfred Dreyfus, \u00e0 Niort (Deux-S\u00e8vres), dans un local d&rsquo;environ 125 m\u00b2, en face du terminus de la ligne 2 du Tanlib (Brizeaux\/Caf). Un jardinet attenant et une cour b\u00eetum\u00e9e devant le local constituent nos lieux de sortie privil\u00e9gi\u00e9s. Une sortie au parc [&hellip;]<\/p>\n","protected":false},"author":1,"featured_media":0,"parent":0,"menu_order":0,"comment_status":"closed","ping_status":"closed","template":"","meta":{"_monsterinsights_skip_tracking":false,"_monsterinsights_sitenote_active":false,"_monsterinsights_sitenote_note":"","_monsterinsights_sitenote_category":0,"site-sidebar-layout":"no-sidebar","site-content-layout":"plain-container","ast-site-content-layout":"normal-width-container","site-content-style":"unboxed","site-sidebar-style":"unboxed","ast-global-header-display":"","ast-banner-title-visibility":"","ast-main-header-display":"","ast-hfb-above-header-display":"","ast-hfb-below-header-display":"","ast-hfb-mobile-header-display":"","site-post-title":"disabled","ast-breadcrumbs-content":"disabled","ast-featured-img":"disabled","footer-sml-layout":"","ast-disable-related-posts":"","theme-transparent-header-meta":"enabled","adv-header-id-meta":"","stick-header-meta":"","header-above-stick-meta":"","header-main-stick-meta":"","header-below-stick-meta":"","astra-migrate-meta-layouts":"set","ast-page-background-enabled":"default","ast-page-background-meta":{"desktop":{"background-color":"","background-image":"","background-repeat":"repeat","background-position":"center center","background-size":"auto","background-attachment":"scroll","background-type":"","background-media":"","overlay-type":"","overlay-color":"","overlay-opacity":"","overlay-gradient":""},"tablet":{"background-color":"","background-image":"","background-repeat":"repeat","background-position":"center center","background-size":"auto","background-attachment":"scroll","background-type":"","background-media":"","overlay-type":"","overlay-color":"","overlay-opacity":"","overlay-gradient":""},"mobile":{"background-color":"","background-image":"","background-repeat":"repeat","background-position":"center center","background-size":"auto","background-attachment":"scroll","background-type":"","background-media":"","overlay-type":"","overlay-color":"","overlay-opacity":"","overlay-gradient":""}},"ast-content-background-meta":{"desktop":{"background-color":"var(--ast-global-color-5)","background-image":"","background-repeat":"repeat","background-position":"center center","background-size":"auto","background-attachment":"scroll","background-type":"","background-media":"","overlay-type":"","overlay-color":"","overlay-opacity":"","overlay-gradient":""},"tablet":{"background-color":"var(--ast-global-color-5)","background-image":"","background-repeat":"repeat","background-position":"center center","background-size":"auto","background-attachment":"scroll","background-type":"","background-media":"","overlay-type":"","overlay-color":"","overlay-opacity":"","overlay-gradient":""},"mobile":{"background-color":"var(--ast-global-color-5)","background-image":"","background-repeat":"repeat","background-position":"center center","background-size":"auto","background-attachment":"scroll","background-type":"","background-media":"","overlay-type":"","overlay-color":"","overlay-opacity":"","overlay-gradient":""}},"footnotes":""},"class_list":["post-1450","page","type-page","status-publish","hentry"],"aioseo_notices":[],"_links":{"self":[{"href":"https:\/\/ecole-akene.fr\/index.php\/wp-json\/wp\/v2\/pages\/1450","targetHints":{"allow":["GET"]}}],"collection":[{"href":"https:\/\/ecole-akene.fr\/index.php\/wp-json\/wp\/v2\/pages"}],"about":[{"href":"https:\/\/ecole-akene.fr\/index.php\/wp-json\/wp\/v2\/types\/page"}],"author":[{"embeddable":true,"href":"https:\/\/ecole-akene.fr\/index.php\/wp-json\/wp\/v2\/users\/1"}],"replies":[{"embeddable":true,"href":"https:\/\/ecole-akene.fr\/index.php\/wp-json\/wp\/v2\/comments?post=1450"}],"version-history":[{"count":4,"href":"https:\/\/ecole-akene.fr\/index.php\/wp-json\/wp\/v2\/pages\/1450\/revisions"}],"predecessor-version":[{"id":1457,"href":"https:\/\/ecole-akene.fr\/index.php\/wp-json\/wp\/v2\/pages\/1450\/revisions\/1457"}],"wp:attachment":[{"href":"https:\/\/ecole-akene.fr\/index.php\/wp-json\/wp\/v2\/media?parent=1450"}],"curies":[{"name":"wp","href":"https:\/\/api.w.org\/{rel}","templated":true}]}}