{"id":980,"date":"2021-05-20T15:33:50","date_gmt":"2021-05-20T15:33:50","guid":{"rendered":"https:\/\/ecole-akene.fr\/?page_id=980"},"modified":"2026-03-18T12:23:07","modified_gmt":"2026-03-18T12:23:07","slug":"faire-un-don","status":"publish","type":"page","link":"https:\/\/ecole-akene.fr\/index.php\/faire-un-don\/","title":{"rendered":"Faire un don"},"content":{"rendered":"\n<div class=\"wp-block-cover alignfull is-light\" style=\"min-height:480px;aspect-ratio:unset;\"><img loading=\"lazy\" decoding=\"async\" width=\"1024\" height=\"576\" class=\"wp-block-cover__image-background wp-image-1349 size-large\" alt=\"\" src=\"https:\/\/ecole-akene.fr\/wp-content\/uploads\/2026\/03\/1773508557792-1024x576.jpg\" style=\"object-position:33% 30%\" data-object-fit=\"cover\" data-object-position=\"33% 30%\" srcset=\"https:\/\/ecole-akene.fr\/wp-content\/uploads\/2026\/03\/1773508557792-1024x576.jpg 1024w, https:\/\/ecole-akene.fr\/wp-content\/uploads\/2026\/03\/1773508557792-300x169.jpg 300w, https:\/\/ecole-akene.fr\/wp-content\/uploads\/2026\/03\/1773508557792-768x432.jpg 768w, https:\/\/ecole-akene.fr\/wp-content\/uploads\/2026\/03\/1773508557792-1536x864.jpg 1536w, https:\/\/ecole-akene.fr\/wp-content\/uploads\/2026\/03\/1773508557792-2048x1152.jpg 2048w\" sizes=\"auto, (max-width: 1024px) 100vw, 1024px\" \/><span aria-hidden=\"true\" class=\"wp-block-cover__background has-background-dim-80 has-background-dim wp-block-cover__gradient-background has-background-gradient\" style=\"background-color:#8a7e78;background:linear-gradient(135deg,rgb(209,122,196) 0%,rgb(221,137,210) 18%,rgb(209,122,196) 34%,rgb(133,163,52) 56%,rgb(118,115,24) 100%)\"><\/span><div class=\"wp-block-cover__inner-container is-layout-flow wp-block-cover-is-layout-flow\">\n<h1 class=\"wp-block-heading has-white-color has-text-color\">Contribuez \u00e0 la p\u00e9rennit\u00e9 <br>de l&rsquo;\u00e9cole Ak\u00e8ne<\/h1>\n\n\n\n<p class=\"has-ast-global-color-5-color has-text-color has-link-color wp-elements-7f555b2aceb13232dc2e2eb58d85e76b\">Notre \u00e9cole d\u00e9mocratique a besoin de vous.<\/p>\n<\/div><\/div>\n\n\n\n<div class=\"inherit-container-width wp-block-group alignfull has-white-background-color has-background is-layout-constrained wp-block-group-is-layout-constrained\"><div class=\"wp-block-group__inner-container\">\n<div class=\"wp-block-columns are-vertically-aligned-center is-layout-flex wp-container-core-columns-is-layout-28f84493 wp-block-columns-is-layout-flex\">\n<div class=\"wp-block-column is-vertically-aligned-center is-layout-flow wp-block-column-is-layout-flow\" style=\"flex-basis:33.33%\">\n<h2 class=\"wp-block-heading\">Faire un don pour quoi ?<\/h2>\n<\/div>\n\n\n\n<div class=\"wp-block-column is-vertically-aligned-center is-layout-flow wp-block-column-is-layout-flow\" style=\"flex-basis:66.66%\">\n<p>Pour faire fonctionner l&rsquo;\u00e9cole, il nous faut<strong> payer les locaux, le mat\u00e9riel, les frais p\u00e9dagogiques, les charges (\u00e9lectricit\u00e9, chauffage)<\/strong>&#8230; Vos dons nous aident donc \u00e0 financer des choses bien concr\u00e8tes pour p\u00e9renniser l&rsquo;\u00e9cole. Vous pouvez effectuer un don via le site d&rsquo;<a href=\"https:\/\/www.helloasso.com\/associations\/la-legerete-du-phoenix\/formulaires\/1\/widget\" target=\"_blank\" rel=\"noreferrer noopener\">Helloasso<\/a>.<\/p>\n\n\n\n<p>Particuliers ou entreprises, vous pouvez \u00e9galement devenir m\u00e9c\u00e8nes du groupe scolaire Ak\u00e8ne et ainsi d\u00e9fiscaliser en aidant une \u00e9cole libre et innovante !<\/p>\n\n\n\n<p>Nous sommes \u00e9galement \u00e0 la recherche de dons en nature (mobilier, mat\u00e9riels, ordinateurs, jouets&#8230;). Merci de nous contacter \u00e0 ecole.akene@gmail.com si vous souhaitez nous aider.<\/p>\n<\/div>\n<\/div>\n<\/div><\/div>\n\n\n\n<div class=\"inherit-container-width wp-block-group alignfull has-background is-layout-constrained wp-block-group-is-layout-constrained\" style=\"background-color:#febfc4\"><div class=\"wp-block-group__inner-container\">\n<div class=\"wp-block-media-text alignwide is-stacked-on-mobile\" style=\"grid-template-columns:56% auto\"><figure class=\"wp-block-media-text__media\"><img loading=\"lazy\" decoding=\"async\" width=\"910\" height=\"473\" src=\"https:\/\/ecole-akene.fr\/wp-content\/uploads\/2021\/05\/cropped-Logo-2.jpeg\" alt=\"Logo \u00e9cole Ak\u00e8ne : Ecole Ak\u00e8ne, d\u00e9ployons nos ailes.\" class=\"wp-image-1020 size-full\" srcset=\"https:\/\/ecole-akene.fr\/wp-content\/uploads\/2021\/05\/cropped-Logo-2.jpeg 910w, https:\/\/ecole-akene.fr\/wp-content\/uploads\/2021\/05\/cropped-Logo-2-300x156.jpeg 300w, https:\/\/ecole-akene.fr\/wp-content\/uploads\/2021\/05\/cropped-Logo-2-768x399.jpeg 768w, https:\/\/ecole-akene.fr\/wp-content\/uploads\/2021\/05\/cropped-Logo-2-160x83.jpeg 160w\" sizes=\"auto, (max-width: 910px) 100vw, 910px\" \/><\/figure><div class=\"wp-block-media-text__content\">\n<h3 class=\"wp-block-heading\">Une \u00e9cole hors contrat ?<\/h3>\n\n\n\n<p>L\u2019\u00e9cole Ak\u00e8ne est une \u00e9cole hors contrat, c\u2019est \u00e0 dire qu\u2019<strong>elle ne b\u00e9n\u00e9ficie pas d\u2019aides financi\u00e8res de l\u2019Education nationale<\/strong>. C\u2019est ce qui nous permet de faire nos propres choix p\u00e9dagogiques et de laisser cette si belle libert\u00e9 \u00e0 vos enfants. Les \u00e9coles d\u00e9mocratiques fran\u00e7aises sont par essence des \u00e9coles hors contrat.<\/p>\n<\/div><\/div>\n<\/div><\/div>\n\n\n\n<div class=\"inherit-container-width wp-block-group alignfull has-white-background-color has-background is-layout-constrained wp-block-group-is-layout-constrained\"><div class=\"wp-block-group__inner-container\">\n<div class=\"wp-block-columns are-vertically-aligned-center is-layout-flex wp-container-core-columns-is-layout-28f84493 wp-block-columns-is-layout-flex\">\n<div class=\"wp-block-column is-vertically-aligned-center is-layout-flow wp-block-column-is-layout-flow\" style=\"flex-basis:33.33%\">\n<h2 class=\"wp-block-heading\">Une \u00e9cole associative<\/h2>\n<\/div>\n\n\n\n<div class=\"wp-block-column is-vertically-aligned-center is-layout-flow wp-block-column-is-layout-flow\" style=\"flex-basis:66.66%\">\n<p>L&rsquo;\u00e9cole Ak\u00e8ne est une \u00e9cole associative port\u00e9e par <strong>l&rsquo;Association<\/strong><strong> Ak\u00e8ne<\/strong>.<\/p>\n\n\n\n<p><\/p>\n<\/div>\n<\/div>\n<\/div><\/div>\n\n\n\n<div class=\"wp-block-group alignfull has-black-color has-text-color has-background is-layout-flow wp-container-core-group-is-layout-6d059589 wp-block-group-is-layout-flow\" style=\"background-color:#b3d899;margin-top:0;margin-bottom:0;padding-top:var(--wp--preset--spacing--60);padding-right:0;padding-bottom:var(--wp--preset--spacing--60);padding-left:0\"><div class=\"wp-block-group__inner-container\">\n<h2 class=\"wp-block-heading has-text-align-center\">Suivez-nous sur nos r\u00e9seaux sociaux !<\/h2>\n\n\n\n<p class=\"has-text-align-center\">Suivez-nous sur <a href=\"https:\/\/www.facebook.com\/ecole.akene\" target=\"_blank\" rel=\"noreferrer noopener\">Facebook <\/a>et <a href=\"https:\/\/www.instagram.com\/ecole.akene\/\" target=\"_blank\" rel=\"noreferrer noopener\">Instagram<\/a>.<br><\/p>\n\n\n\n<ul class=\"wp-block-social-links items-justified-center is-layout-flex wp-container-core-social-links-is-layout-e2bc5e08 wp-block-social-links-is-layout-flex\" style=\"margin-top:0;margin-right:0;margin-bottom:0;margin-left:0\"><li class=\"wp-social-link wp-social-link-facebook  wp-block-social-link\"><a href=\"https:\/\/www.facebook.com\/ecole.akene\" class=\"wp-block-social-link-anchor\"><svg width=\"24\" height=\"24\" viewBox=\"0 0 24 24\" version=\"1.1\" xmlns=\"http:\/\/www.w3.org\/2000\/svg\" aria-hidden=\"true\" focusable=\"false\"><path d=\"M12 2C6.5 2 2 6.5 2 12c0 5 3.7 9.1 8.4 9.9v-7H7.9V12h2.5V9.8c0-2.5 1.5-3.9 3.8-3.9 1.1 0 2.2.2 2.2.2v2.5h-1.3c-1.2 0-1.6.8-1.6 1.6V12h2.8l-.4 2.9h-2.3v7C18.3 21.1 22 17 22 12c0-5.5-4.5-10-10-10z\"><\/path><\/svg><span class=\"wp-block-social-link-label screen-reader-text\">Facebook<\/span><\/a><\/li>\n\n<li class=\"wp-social-link wp-social-link-instagram  wp-block-social-link\"><a href=\"https:\/\/www.instagram.com\/ecole.akene\/\" class=\"wp-block-social-link-anchor\"><svg width=\"24\" height=\"24\" viewBox=\"0 0 24 24\" version=\"1.1\" xmlns=\"http:\/\/www.w3.org\/2000\/svg\" aria-hidden=\"true\" focusable=\"false\"><path d=\"M12,4.622c2.403,0,2.688,0.009,3.637,0.052c0.877,0.04,1.354,0.187,1.671,0.31c0.42,0.163,0.72,0.358,1.035,0.673 c0.315,0.315,0.51,0.615,0.673,1.035c0.123,0.317,0.27,0.794,0.31,1.671c0.043,0.949,0.052,1.234,0.052,3.637 s-0.009,2.688-0.052,3.637c-0.04,0.877-0.187,1.354-0.31,1.671c-0.163,0.42-0.358,0.72-0.673,1.035 c-0.315,0.315-0.615,0.51-1.035,0.673c-0.317,0.123-0.794,0.27-1.671,0.31c-0.949,0.043-1.233,0.052-3.637,0.052 s-2.688-0.009-3.637-0.052c-0.877-0.04-1.354-0.187-1.671-0.31c-0.42-0.163-0.72-0.358-1.035-0.673 c-0.315-0.315-0.51-0.615-0.673-1.035c-0.123-0.317-0.27-0.794-0.31-1.671C4.631,14.688,4.622,14.403,4.622,12 s0.009-2.688,0.052-3.637c0.04-0.877,0.187-1.354,0.31-1.671c0.163-0.42,0.358-0.72,0.673-1.035 c0.315-0.315,0.615-0.51,1.035-0.673c0.317-0.123,0.794-0.27,1.671-0.31C9.312,4.631,9.597,4.622,12,4.622 M12,3 C9.556,3,9.249,3.01,8.289,3.054C7.331,3.098,6.677,3.25,6.105,3.472C5.513,3.702,5.011,4.01,4.511,4.511 c-0.5,0.5-0.808,1.002-1.038,1.594C3.25,6.677,3.098,7.331,3.054,8.289C3.01,9.249,3,9.556,3,12c0,2.444,0.01,2.751,0.054,3.711 c0.044,0.958,0.196,1.612,0.418,2.185c0.23,0.592,0.538,1.094,1.038,1.594c0.5,0.5,1.002,0.808,1.594,1.038 c0.572,0.222,1.227,0.375,2.185,0.418C9.249,20.99,9.556,21,12,21s2.751-0.01,3.711-0.054c0.958-0.044,1.612-0.196,2.185-0.418 c0.592-0.23,1.094-0.538,1.594-1.038c0.5-0.5,0.808-1.002,1.038-1.594c0.222-0.572,0.375-1.227,0.418-2.185 C20.99,14.751,21,14.444,21,12s-0.01-2.751-0.054-3.711c-0.044-0.958-0.196-1.612-0.418-2.185c-0.23-0.592-0.538-1.094-1.038-1.594 c-0.5-0.5-1.002-0.808-1.594-1.038c-0.572-0.222-1.227-0.375-2.185-0.418C14.751,3.01,14.444,3,12,3L12,3z M12,7.378 c-2.552,0-4.622,2.069-4.622,4.622S9.448,16.622,12,16.622s4.622-2.069,4.622-4.622S14.552,7.378,12,7.378z M12,15 c-1.657,0-3-1.343-3-3s1.343-3,3-3s3,1.343,3,3S13.657,15,12,15z M16.804,6.116c-0.596,0-1.08,0.484-1.08,1.08 s0.484,1.08,1.08,1.08c0.596,0,1.08-0.484,1.08-1.08S17.401,6.116,16.804,6.116z\"><\/path><\/svg><span class=\"wp-block-social-link-label screen-reader-text\">Instagram<\/span><\/a><\/li><\/ul>\n<\/div><\/div>\n","protected":false},"excerpt":{"rendered":"<p>Faire un don pour quoi ? Pour faire fonctionner l&rsquo;\u00e9cole, il nous faut payer les locaux, le mat\u00e9riel, les frais p\u00e9dagogiques, les charges (\u00e9lectricit\u00e9, chauffage)&#8230; Vos dons nous aident donc \u00e0 financer des choses bien concr\u00e8tes pour p\u00e9renniser l&rsquo;\u00e9cole. Vous pouvez effectuer un don via le site d&rsquo;Helloasso. Particuliers ou entreprises, vous pouvez \u00e9galement devenir [&hellip;]<\/p>\n","protected":false},"author":1,"featured_media":0,"parent":0,"menu_order":0,"comment_status":"closed","ping_status":"closed","template":"","meta":{"_monsterinsights_skip_tracking":false,"_monsterinsights_sitenote_active":false,"_monsterinsights_sitenote_note":"","_monsterinsights_sitenote_category":0,"site-sidebar-layout":"no-sidebar","site-content-layout":"plain-container","ast-site-content-layout":"normal-width-container","site-content-style":"unboxed","site-sidebar-style":"unboxed","ast-global-header-display":"","ast-banner-title-visibility":"","ast-main-header-display":"","ast-hfb-above-header-display":"","ast-hfb-below-header-display":"","ast-hfb-mobile-header-display":"","site-post-title":"disabled","ast-breadcrumbs-content":"disabled","ast-featured-img":"disabled","footer-sml-layout":"","ast-disable-related-posts":"","theme-transparent-header-meta":"enabled","adv-header-id-meta":"","stick-header-meta":"","header-above-stick-meta":"","header-main-stick-meta":"","header-below-stick-meta":"","astra-migrate-meta-layouts":"set","ast-page-background-enabled":"default","ast-page-background-meta":{"desktop":{"background-color":"","background-image":"","background-repeat":"repeat","background-position":"center center","background-size":"auto","background-attachment":"scroll","background-type":"","background-media":"","overlay-type":"","overlay-color":"","overlay-opacity":"","overlay-gradient":""},"tablet":{"background-color":"","background-image":"","background-repeat":"repeat","background-position":"center center","background-size":"auto","background-attachment":"scroll","background-type":"","background-media":"","overlay-type":"","overlay-color":"","overlay-opacity":"","overlay-gradient":""},"mobile":{"background-color":"","background-image":"","background-repeat":"repeat","background-position":"center center","background-size":"auto","background-attachment":"scroll","background-type":"","background-media":"","overlay-type":"","overlay-color":"","overlay-opacity":"","overlay-gradient":""}},"ast-content-background-meta":{"desktop":{"background-color":"var(--ast-global-color-5)","background-image":"","background-repeat":"repeat","background-position":"center center","background-size":"auto","background-attachment":"scroll","background-type":"","background-media":"","overlay-type":"","overlay-color":"","overlay-opacity":"","overlay-gradient":""},"tablet":{"background-color":"var(--ast-global-color-5)","background-image":"","background-repeat":"repeat","background-position":"center center","background-size":"auto","background-attachment":"scroll","background-type":"","background-media":"","overlay-type":"","overlay-color":"","overlay-opacity":"","overlay-gradient":""},"mobile":{"background-color":"var(--ast-global-color-5)","background-image":"","background-repeat":"repeat","background-position":"center center","background-size":"auto","background-attachment":"scroll","background-type":"","background-media":"","overlay-type":"","overlay-color":"","overlay-opacity":"","overlay-gradient":""}},"footnotes":""},"class_list":["post-980","page","type-page","status-publish","hentry"],"aioseo_notices":[],"_links":{"self":[{"href":"https:\/\/ecole-akene.fr\/index.php\/wp-json\/wp\/v2\/pages\/980","targetHints":{"allow":["GET"]}}],"collection":[{"href":"https:\/\/ecole-akene.fr\/index.php\/wp-json\/wp\/v2\/pages"}],"about":[{"href":"https:\/\/ecole-akene.fr\/index.php\/wp-json\/wp\/v2\/types\/page"}],"author":[{"embeddable":true,"href":"https:\/\/ecole-akene.fr\/index.php\/wp-json\/wp\/v2\/users\/1"}],"replies":[{"embeddable":true,"href":"https:\/\/ecole-akene.fr\/index.php\/wp-json\/wp\/v2\/comments?post=980"}],"version-history":[{"count":26,"href":"https:\/\/ecole-akene.fr\/index.php\/wp-json\/wp\/v2\/pages\/980\/revisions"}],"predecessor-version":[{"id":1436,"href":"https:\/\/ecole-akene.fr\/index.php\/wp-json\/wp\/v2\/pages\/980\/revisions\/1436"}],"wp:attachment":[{"href":"https:\/\/ecole-akene.fr\/index.php\/wp-json\/wp\/v2\/media?parent=980"}],"curies":[{"name":"wp","href":"https:\/\/api.w.org\/{rel}","templated":true}]}}